{"id":1132,"date":"2021-10-20T11:44:23","date_gmt":"2021-10-20T14:44:23","guid":{"rendered":"https:\/\/alfababymaster.com.br\/novo\/?page_id=1132"},"modified":"2022-02-22T09:27:24","modified_gmt":"2022-02-22T12:27:24","slug":"parceiros-da-educacao","status":"publish","type":"page","link":"https:\/\/alfababymaster.com.br\/novo\/parceiros-da-educacao\/","title":{"rendered":"PARCEIROS PEDAG\u00d3GICOS"},"content":{"rendered":"<p><section id=\"bt_bb_section69f592788b105\"  data-background_image_src=\"'https:\/\/alfababymaster.com.br\/novo\/wp-content\/uploads\/2021\/10\/131.png'\" class=\"bt_bb_section bt_bb_layout_boxed_1200 bt_bb_vertical_align_top btLazyLoadBackground bt_bb_background_image\" style=\"background-image:url(&#039;https:\/\/alfababymaster.com.br\/novo\/wp-content\/plugins\/bold-page-builder\/img\/blank.gif&#039;);;background-color:rgb(255,255,255);\"><div class=\"bt_bb_port\"><div class=\"bt_bb_cell\"><div class=\"bt_bb_cell_inner\"><div class=\"bt_bb_row  bt_bb_column_gap_extra_small bt_bb_shape_inherit\"  data-bt-override-class=\"{}\"><div class=\"bt_bb_row_holder\" ><div  class=\"bt_bb_column col-xxl-12 col-xl-12 col-xs-12 col-sm-12 col-md-12 col-lg-12 bt_bb_vertical_align_top bt_bb_align_left bt_bb_padding_normal bt_bb_shape_hard-rounded\" style=\"; --column-width:12;\" data-width=\"12\" data-bt-override-class=\"{&quot;bt_bb_align_&quot;:{&quot;current_class&quot;:&quot;bt_bb_align_left&quot;,&quot;def&quot;:&quot;left&quot;,&quot;xl&quot;:&quot;left&quot;}}\"><div class=\"bt_bb_column_content\"><div class=\"bt_bb_column_content_inner\"><div class=\"bt_bb_separator bt_bb_border_style_none bt_bb_bottom_spacing_35\" data-bt-override-class=\"null\"><\/div><div class=\"bt_bb_separator bt_bb_border_style_none bt_bb_bottom_spacing_35\" data-bt-override-class=\"null\"><\/div><div  class=\"bt_bb_text\" ><\/p>\n<h5 style=\"text-align: center;\"><span style=\"color: #000000;\"><span style=\"color: #ffffff;\">PARCEIROS PEDAG\u00d3GICOS<\/span><br \/>\n<\/span><\/h5>\n<p>\n<\/div><div class=\"bt_bb_separator bt_bb_border_style_none bt_bb_bottom_spacing_15\" data-bt-override-class=\"null\"><\/div><\/div><\/div><\/div><\/div><\/div><\/div><\/div><\/div><\/section><section id=\"bt_bb_section69f592788b29f\"  class=\"bt_bb_section bt_bb_top_spacing_small bt_bb_layout_wide bt_bb_vertical_align_top\" style=\";background-color:rgb(63,131,191);\"><div class=\"bt_bb_port\"><div class=\"bt_bb_cell\"><div class=\"bt_bb_cell_inner\"><div class=\"bt_bb_row  bt_bb_shape_inherit\"  data-bt-override-class=\"{}\"><div class=\"bt_bb_row_holder\" ><div  class=\"bt_bb_column col-xxl-12 col-xl-12 col-xs-12 col-sm-12 col-md-12 col-lg-12 bt_bb_vertical_align_top bt_bb_align_left bt_bb_padding_normal bt_bb_shape_inherit\" style=\"; --column-width:12;\" data-width=\"12\" data-bt-override-class=\"{}\"><div class=\"bt_bb_column_content\"><div class=\"bt_bb_column_content_inner\"><div class=\"bt_bb_separator bt_bb_border_style_none bt_bb_bottom_spacing_90\" data-bt-override-class=\"null\"><\/div><\/div><\/div><\/div><\/div><\/div><div class=\"bt_bb_row bt_bb_row_width_boxed_1200 bt_bb_row_width_boxed  bt_bb_color_scheme_11 bt_bb_color_scheme_11 bt_bb_shape_soft-rounded\" style=\"background-color:rgb(255,255,255);; --row-primary-color:#191919; --row-secondary-color:#f2edeb;\" data-bt-override-class=\"{}\"><div class=\"bt_bb_row_holder\" ><div  class=\"bt_bb_column col-xxl-6 col-xl-6 col-xs-12 col-sm-6 col-md-6 col-lg-6 bt_bb_vertical_align_top bt_bb_align_left bt_bb_padding_normal bt_bb_shape_soft-rounded\" style=\"; --column-width:6;\" data-width=\"6\" data-bt-override-class=\"{&quot;bt_bb_align_&quot;:{&quot;current_class&quot;:&quot;bt_bb_align_left&quot;,&quot;def&quot;:&quot;left&quot;,&quot;xl&quot;:&quot;left&quot;}}\"><div class=\"bt_bb_column_content\"><div class=\"bt_bb_column_content_inner\"><div class=\"bt_bb_image bt_bb_shape_square bt_bb_align_inherit bt_bb_hover_style_zoom-in-to-grayscale bt_bb_content_display_always bt_bb_content_align_middle\"><a href=\"https:\/\/portalsas.com.br\/login?redirect=https%3A%2F%2Fportalsas.com.br%2Floguin\"  target=\"_self\" title=\"14\"><img src = \"https:\/\/alfababymaster.com.br\/novo\/wp-content\/plugins\/bold-page-builder\/img\/blank.gif\" data-image_src=\"https:\/\/alfababymaster.com.br\/novo\/wp-content\/uploads\/2022\/02\/14.png\" title=\"14\" alt=\"https:\/\/alfababymaster.com.br\/novo\/wp-content\/uploads\/2022\/02\/14.png\" class=\"btLazyLoadImage\"><\/a><\/div><\/div><\/div><\/div><div  class=\"bt_bb_column col-xxl-6 col-xl-6 col-xs-12 col-sm-6 col-md-6 col-lg-6 bt_bb_vertical_align_middle bt_bb_align_left bt_bb_padding_normal bt_bb_shape_inherit\" style=\"; --column-width:6;\" data-width=\"6\" data-bt-override-class=\"{&quot;bt_bb_align_&quot;:{&quot;current_class&quot;:&quot;bt_bb_align_left&quot;,&quot;def&quot;:&quot;left&quot;,&quot;xl&quot;:&quot;left&quot;}}\"><div class=\"bt_bb_column_content\"><div class=\"bt_bb_column_content_inner\"><div  class=\"bt_bb_text\" ><\/p>\n<p><strong>SAS <\/strong><\/p>\n<p>O SAS \u00e9 uma plataforma de educa\u00e7\u00e3o que oferece solu\u00e7\u00f5es completas e integradas para as escolas parceiras.<\/p>\n<p>Atualmente, est\u00e1 presente em mais de 1.000 escolas em todo o Brasil. O Sistema Ari de S\u00e1 atende as turmas da Educa\u00e7\u00e3o Infantil, Fundamental Anos Iniciais, Fundamental Anos Finais e Ensino M\u00e9dio. (Infantil II ao 3\u00ba ano M\u00e9dio).<\/p>\n<p>Nossa atua\u00e7\u00e3o inclui livros did\u00e1ticos alinhados \u00e0 BNCC, com modelos de avalia\u00e7\u00f5es para cada etapa da vida escolar, combinando conte\u00fado did\u00e1tico de excel\u00eancia e tecnologia de ponta porque acreditamos que \u00e9 essa combina\u00e7\u00e3o que nos torna capazes de construir solu\u00e7\u00f5es que despertam o aprendizado dentro de cada estudante. E vai muito al\u00e9m disso, tamb\u00e9m com forma\u00e7\u00f5es continuadas para gest\u00e3o e doc\u00eancia e com consultorias especializadas para a escola parceira.<\/p>\n<p>Acreditamos no poder transformador da educa\u00e7\u00e3o e sabemos que \u00e9 na escola onde educadores, alunos e fam\u00edlias ter\u00e3o vidas transformadas pelo ato significativo de educar. E, ao educar, tamb\u00e9m aprender. E \u00e9 para isso que existimos. Para garantir que as nossas escolas parceiras sigam evoluindo para cumprir a sua grande miss\u00e3o: transformar pessoas que transformam o mundo.<\/p>\n<p>Evoluir escolas, transformar vidas.<\/p>\n<p>\n<\/div><\/div><\/div><\/div><\/div><\/div><div class=\"bt_bb_row  bt_bb_shape_inherit\"  data-bt-override-class=\"{}\"><div class=\"bt_bb_row_holder\" ><div  class=\"bt_bb_column col-xxl-12 col-xl-12 col-xs-12 col-sm-12 col-md-12 col-lg-12 bt_bb_vertical_align_top bt_bb_align_left bt_bb_padding_normal bt_bb_shape_inherit\" style=\"; --column-width:12;\" data-width=\"12\" data-bt-override-class=\"{}\"><div class=\"bt_bb_column_content\"><div class=\"bt_bb_column_content_inner\"><div class=\"bt_bb_separator bt_bb_border_style_none bt_bb_bottom_spacing_90\" data-bt-override-class=\"null\"><\/div><\/div><\/div><\/div><\/div><\/div><div class=\"bt_bb_row bt_bb_row_width_boxed_1200 bt_bb_row_width_boxed  bt_bb_color_scheme_11 bt_bb_color_scheme_11 bt_bb_shape_soft-rounded\" style=\"background-color:rgb(255,255,255);; --row-primary-color:#191919; --row-secondary-color:#f2edeb;\" data-bt-override-class=\"{}\"><div class=\"bt_bb_row_holder\" ><div  class=\"bt_bb_column col-xxl-6 col-xl-6 col-xs-12 col-sm-6 col-md-6 col-lg-6 bt_bb_vertical_align_top bt_bb_align_left bt_bb_padding_normal bt_bb_shape_soft-rounded\" style=\"; --column-width:6;\" data-width=\"6\" data-bt-override-class=\"{&quot;bt_bb_align_&quot;:{&quot;current_class&quot;:&quot;bt_bb_align_left&quot;,&quot;def&quot;:&quot;left&quot;,&quot;xl&quot;:&quot;left&quot;}}\"><div class=\"bt_bb_column_content\"><div class=\"bt_bb_column_content_inner\"><div class=\"bt_bb_image bt_bb_shape_square bt_bb_align_inherit bt_bb_hover_style_simple bt_bb_content_display_always bt_bb_content_align_middle\"><span><img src = \"https:\/\/alfababymaster.com.br\/novo\/wp-content\/plugins\/bold-page-builder\/img\/blank.gif\" data-image_src=\"https:\/\/alfababymaster.com.br\/novo\/wp-content\/uploads\/2022\/02\/17.png\" title=\"17\" alt=\"https:\/\/alfababymaster.com.br\/novo\/wp-content\/uploads\/2022\/02\/17.png\" class=\"btLazyLoadImage\"><\/span><\/div><\/div><\/div><\/div><div  class=\"bt_bb_column col-xxl-6 col-xl-6 col-xs-12 col-sm-6 col-md-6 col-lg-6 bt_bb_vertical_align_middle bt_bb_align_left bt_bb_padding_normal bt_bb_shape_inherit\" style=\"; --column-width:6;\" data-width=\"6\" data-bt-override-class=\"{&quot;bt_bb_align_&quot;:{&quot;current_class&quot;:&quot;bt_bb_align_left&quot;,&quot;def&quot;:&quot;left&quot;,&quot;xl&quot;:&quot;left&quot;}}\"><div class=\"bt_bb_column_content\"><div class=\"bt_bb_column_content_inner\"><div  class=\"bt_bb_text\" ><\/p>\n<p><strong>AGENDA EDU <\/strong><\/p>\n<p>A\u00a0Agenda Edu\u00a0\u00e9 l\u00edder de mercado no segmento de comunica\u00e7\u00e3o e engajamento escolar, que est\u00e1 presente em 2.000 escolas, que permite que alunos e fam\u00edlias se conectem com a rotina escolar de forma f\u00e1cil e eficiente.<\/p>\n<p>Tenha em um s\u00f3 lugar um universo de possibilidades para simplificar o dia a dia da escola, a Agenda Digital fornece informa\u00e7\u00f5es sobre atividades di\u00e1rias, projetos pedag\u00f3gicos, comunicados e informativos sobre a escola. Al\u00e9m disso, a ferramenta permite a troca de mensagens entre fam\u00edlias e equipe pedag\u00f3gica, facilitando o acesso dos respons\u00e1veis \u00e0s informa\u00e7\u00f5es financeiras e administrativa dos alunos.<\/p>\n<p>\n<\/div><\/div><\/div><\/div><\/div><\/div><div class=\"bt_bb_row  bt_bb_shape_inherit\"  data-bt-override-class=\"{}\"><div class=\"bt_bb_row_holder\" ><div  class=\"bt_bb_column col-xxl-12 col-xl-12 col-xs-12 col-sm-12 col-md-12 col-lg-12 bt_bb_vertical_align_top bt_bb_align_left bt_bb_padding_normal bt_bb_shape_inherit\" style=\"; --column-width:12;\" data-width=\"12\" data-bt-override-class=\"{}\"><div class=\"bt_bb_column_content\"><div class=\"bt_bb_column_content_inner\"><div class=\"bt_bb_separator bt_bb_border_style_none bt_bb_bottom_spacing_90\" data-bt-override-class=\"null\"><\/div><\/div><\/div><\/div><\/div><\/div><div class=\"bt_bb_row bt_bb_row_width_boxed_1200 bt_bb_row_width_boxed  bt_bb_color_scheme_11 bt_bb_color_scheme_11 bt_bb_shape_soft-rounded\" style=\"background-color:rgb(255,255,255);; --row-primary-color:#191919; --row-secondary-color:#f2edeb;\" data-bt-override-class=\"{}\"><div class=\"bt_bb_row_holder\" ><div  class=\"bt_bb_column col-xxl-6 col-xl-6 col-xs-12 col-sm-6 col-md-6 col-lg-6 bt_bb_vertical_align_top bt_bb_align_left bt_bb_padding_normal bt_bb_shape_soft-rounded\" style=\"; --column-width:6;\" data-width=\"6\" data-bt-override-class=\"{&quot;bt_bb_align_&quot;:{&quot;current_class&quot;:&quot;bt_bb_align_left&quot;,&quot;def&quot;:&quot;left&quot;,&quot;xl&quot;:&quot;left&quot;}}\"><div class=\"bt_bb_column_content\"><div class=\"bt_bb_column_content_inner\"><div class=\"bt_bb_image bt_bb_shape_square bt_bb_align_inherit bt_bb_hover_style_simple bt_bb_content_display_always bt_bb_content_align_middle\"><span><img src = \"https:\/\/alfababymaster.com.br\/novo\/wp-content\/plugins\/bold-page-builder\/img\/blank.gif\" data-image_src=\"https:\/\/alfababymaster.com.br\/novo\/wp-content\/uploads\/2022\/02\/16.png\" title=\"16\" alt=\"https:\/\/alfababymaster.com.br\/novo\/wp-content\/uploads\/2022\/02\/16.png\" class=\"btLazyLoadImage\"><\/span><\/div><\/div><\/div><\/div><div  class=\"bt_bb_column col-xxl-6 col-xl-6 col-xs-12 col-sm-6 col-md-6 col-lg-6 bt_bb_vertical_align_middle bt_bb_align_left bt_bb_padding_normal bt_bb_shape_inherit\" style=\"; --column-width:6;\" data-width=\"6\" data-bt-override-class=\"{&quot;bt_bb_align_&quot;:{&quot;current_class&quot;:&quot;bt_bb_align_left&quot;,&quot;def&quot;:&quot;left&quot;,&quot;xl&quot;:&quot;left&quot;}}\"><div class=\"bt_bb_column_content\"><div class=\"bt_bb_column_content_inner\"><div  class=\"bt_bb_text\" ><\/p>\n<p><strong>COMPUTEX <\/strong><\/p>\n<p>A <strong>Computex \u2013 Gestor Escolar <\/strong>permite que alunos e fam\u00edlias tenham acesso ao boletim escolar de cada etapa para os alunos dos n\u00edveis Fundamental Anos Iniciais, Fundamental Anos Finais e Ensino M\u00e9dio. E a Ficha de Acompanhamento Individual da Educa\u00e7\u00e3o infantil.<\/p>\n<p>Al\u00e9m disso, facilita a retirada e o acesso dos respons\u00e1veis ao Boleto financeiro.<\/p>\n<p>\n<\/div><\/div><\/div><\/div><\/div><\/div><div class=\"bt_bb_row  bt_bb_shape_inherit\"  data-bt-override-class=\"{}\"><div class=\"bt_bb_row_holder\" ><div  class=\"bt_bb_column col-xxl-12 col-xl-12 col-xs-12 col-sm-12 col-md-12 col-lg-12 bt_bb_vertical_align_top bt_bb_align_left bt_bb_padding_normal bt_bb_shape_inherit\" style=\"; --column-width:12;\" data-width=\"12\" data-bt-override-class=\"{}\"><div class=\"bt_bb_column_content\"><div class=\"bt_bb_column_content_inner\"><div class=\"bt_bb_separator bt_bb_border_style_none bt_bb_bottom_spacing_90\" data-bt-override-class=\"null\"><\/div><\/div><\/div><\/div><\/div><\/div><div class=\"bt_bb_row bt_bb_row_width_boxed_1200 bt_bb_row_width_boxed  bt_bb_color_scheme_11 bt_bb_color_scheme_11 bt_bb_shape_soft-rounded\" style=\"background-color:rgb(255,255,255);; --row-primary-color:#191919; --row-secondary-color:#f2edeb;\" data-bt-override-class=\"{}\"><div class=\"bt_bb_row_holder\" ><div  class=\"bt_bb_column col-xxl-6 col-xl-6 col-xs-12 col-sm-6 col-md-6 col-lg-6 bt_bb_vertical_align_top bt_bb_align_left bt_bb_padding_normal bt_bb_shape_soft-rounded\" style=\"; --column-width:6;\" data-width=\"6\" data-bt-override-class=\"{&quot;bt_bb_align_&quot;:{&quot;current_class&quot;:&quot;bt_bb_align_left&quot;,&quot;def&quot;:&quot;left&quot;,&quot;xl&quot;:&quot;left&quot;}}\"><div class=\"bt_bb_column_content\"><div class=\"bt_bb_column_content_inner\"><div class=\"bt_bb_image bt_bb_shape_square bt_bb_align_inherit bt_bb_hover_style_zoom-in-to-grayscale bt_bb_content_display_always bt_bb_content_align_middle\"><a href=\"https:\/\/ava.alfababymaster.com.br\/ava\/login\/index.php\"  target=\"_self\" title=\"15\"><img src = \"https:\/\/alfababymaster.com.br\/novo\/wp-content\/plugins\/bold-page-builder\/img\/blank.gif\" data-image_src=\"https:\/\/alfababymaster.com.br\/novo\/wp-content\/uploads\/2022\/02\/15.png\" title=\"15\" alt=\"https:\/\/alfababymaster.com.br\/novo\/wp-content\/uploads\/2022\/02\/15.png\" class=\"btLazyLoadImage\"><\/a><\/div><\/div><\/div><\/div><div  class=\"bt_bb_column col-xxl-6 col-xl-6 col-xs-12 col-sm-6 col-md-6 col-lg-6 bt_bb_vertical_align_middle bt_bb_align_left bt_bb_padding_normal bt_bb_shape_inherit\" style=\"; --column-width:6;\" data-width=\"6\" data-bt-override-class=\"{&quot;bt_bb_align_&quot;:{&quot;current_class&quot;:&quot;bt_bb_align_left&quot;,&quot;def&quot;:&quot;left&quot;,&quot;xl&quot;:&quot;left&quot;}}\"><div class=\"bt_bb_column_content\"><div class=\"bt_bb_column_content_inner\"><div  class=\"bt_bb_text\" ><\/p>\n<p><strong>ABM Virtual <\/strong><\/p>\n<p>O ABM virtual \u00e9 uma sala de aula virtual onde o aluno tem a possibilidade de acompanhar atividades pela internet. Atrav\u00e9s da plataforma, o aluno tem acesso, com uso de uma senha pessoal, aos conte\u00fados disponibilizados pelos professores, al\u00e9m de postar atividades, debater o tema em f\u00f3runs de discuss\u00e3o, tirar suas d\u00favidas via mensagens, entre outros recursos pedag\u00f3gicos para melhoria da sua aprendizagem.<\/p>\n<p>\n<\/div><\/div><\/div><\/div><\/div><\/div><div class=\"bt_bb_row  bt_bb_shape_inherit\"  data-bt-override-class=\"{}\"><div class=\"bt_bb_row_holder\" ><div  class=\"bt_bb_column col-xxl-12 col-xl-12 col-xs-12 col-sm-12 col-md-12 col-lg-12 bt_bb_vertical_align_top bt_bb_align_left bt_bb_padding_normal bt_bb_shape_inherit\" style=\"; --column-width:12;\" data-width=\"12\" data-bt-override-class=\"{}\"><div class=\"bt_bb_column_content\"><div class=\"bt_bb_column_content_inner\"><div class=\"bt_bb_separator bt_bb_border_style_none bt_bb_bottom_spacing_90\" data-bt-override-class=\"null\"><\/div><\/div><\/div><\/div><\/div><\/div><\/div><\/div><\/div><\/section><\/p>\n","protected":false},"excerpt":{"rendered":"","protected":false},"author":1,"featured_media":0,"parent":0,"menu_order":0,"comment_status":"closed","ping_status":"closed","template":"","meta":{"_eb_attr":"","om_disable_all_campaigns":false,"ub_ctt_via":"","_exactmetrics_skip_tracking":false,"_exactmetrics_sitenote_active":false,"_exactmetrics_sitenote_note":"","_exactmetrics_sitenote_category":0,"_monsterinsights_skip_tracking":false,"_monsterinsights_sitenote_active":false,"_monsterinsights_sitenote_note":"","_monsterinsights_sitenote_category":0,"_uf_show_specific_survey":0,"_uf_disable_surveys":false},"aioseo_notices":[],"featured_image_src":null,"_links":{"self":[{"href":"https:\/\/alfababymaster.com.br\/novo\/wp-json\/wp\/v2\/pages\/1132"}],"collection":[{"href":"https:\/\/alfababymaster.com.br\/novo\/wp-json\/wp\/v2\/pages"}],"about":[{"href":"https:\/\/alfababymaster.com.br\/novo\/wp-json\/wp\/v2\/types\/page"}],"author":[{"embeddable":true,"href":"https:\/\/alfababymaster.com.br\/novo\/wp-json\/wp\/v2\/users\/1"}],"replies":[{"embeddable":true,"href":"https:\/\/alfababymaster.com.br\/novo\/wp-json\/wp\/v2\/comments?post=1132"}],"version-history":[{"count":76,"href":"https:\/\/alfababymaster.com.br\/novo\/wp-json\/wp\/v2\/pages\/1132\/revisions"}],"predecessor-version":[{"id":1492,"href":"https:\/\/alfababymaster.com.br\/novo\/wp-json\/wp\/v2\/pages\/1132\/revisions\/1492"}],"wp:attachment":[{"href":"https:\/\/alfababymaster.com.br\/novo\/wp-json\/wp\/v2\/media?parent=1132"}],"curies":[{"name":"wp","href":"https:\/\/api.w.org\/{rel}","templated":true}]}}