{"id":1365,"date":"2022-02-14T09:32:04","date_gmt":"2022-02-14T12:32:04","guid":{"rendered":"https:\/\/alfababymaster.com.br\/novo\/?page_id=1365"},"modified":"2022-02-23T08:21:08","modified_gmt":"2022-02-23T11:21:08","slug":"sop","status":"publish","type":"page","link":"https:\/\/alfababymaster.com.br\/novo\/sop\/","title":{"rendered":"SOP"},"content":{"rendered":"<p><section id=\"bt_bb_section69f59263020ca\"  data-background_image_src=\"'https:\/\/alfababymaster.com.br\/novo\/wp-content\/uploads\/2021\/10\/131.png'\" class=\"bt_bb_section bt_bb_layout_boxed_1200 bt_bb_vertical_align_top btLazyLoadBackground bt_bb_background_image\" style=\"background-image:url(&#039;https:\/\/alfababymaster.com.br\/novo\/wp-content\/plugins\/bold-page-builder\/img\/blank.gif&#039;);\"><div class=\"bt_bb_port\"><div class=\"bt_bb_cell\"><div class=\"bt_bb_cell_inner\"><div class=\"bt_bb_row  bt_bb_column_gap_extra_small bt_bb_shape_inherit\"  data-bt-override-class=\"{}\"><div class=\"bt_bb_row_holder\" ><div  class=\"bt_bb_column col-xxl-12 col-xl-12 col-xs-12 col-sm-12 col-md-12 col-lg-12 bt_bb_vertical_align_top bt_bb_align_left bt_bb_padding_normal bt_bb_shape_hard-rounded\" style=\"; --column-width:12;\" data-width=\"12\" data-bt-override-class=\"{&quot;bt_bb_align_&quot;:{&quot;current_class&quot;:&quot;bt_bb_align_left&quot;,&quot;def&quot;:&quot;left&quot;,&quot;xl&quot;:&quot;left&quot;}}\"><div class=\"bt_bb_column_content\"><div class=\"bt_bb_column_content_inner\"><div class=\"bt_bb_separator bt_bb_border_style_none bt_bb_bottom_spacing_35\" data-bt-override-class=\"null\"><\/div><div class=\"bt_bb_separator bt_bb_border_style_none bt_bb_bottom_spacing_35\" data-bt-override-class=\"null\"><\/div><div  class=\"bt_bb_text\" ><\/p>\n<h5 style=\"text-align: center;\"><span style=\"color: #ffffff;\">S<span class=\"ILfuVd\"><span class=\"hgKElc\">ervi\u00e7o de Orienta\u00e7\u00e3o Psicopedag\u00f3gica &#8211;<\/span><\/span> SOP<\/span><\/h5>\n<p>\n<\/div><div class=\"bt_bb_separator bt_bb_border_style_none bt_bb_bottom_spacing_10\" data-bt-override-class=\"null\"><\/div><\/div><\/div><\/div><\/div><\/div><\/div><\/div><\/div><\/section><section id=\"bt_bb_section69f59263023dc\"  class=\"bt_bb_section bt_bb_layout_boxed_1200\" ><div class=\"bt_bb_port\"><div class=\"bt_bb_cell\"><div class=\"bt_bb_cell_inner\"><div class=\"bt_bb_row  bt_bb_shape_inherit\"  data-bt-override-class=\"{}\"><div class=\"bt_bb_row_holder\" ><div  class=\"bt_bb_column col-xxl-12 col-xl-12 col-xs-12 col-sm-12 col-md-12 col-lg-12 bt_bb_vertical_align_top bt_bb_align_left bt_bb_padding_normal bt_bb_shape_inherit\" style=\"; --column-width:12;\" data-width=\"12\" data-bt-override-class=\"{}\"><div class=\"bt_bb_column_content\"><div class=\"bt_bb_column_content_inner\"><div class=\"bt_bb_separator bt_bb_border_style_none bt_bb_top_spacing_20\" data-bt-override-class=\"null\"><\/div><\/div><\/div><\/div><\/div><\/div><div class=\"bt_bb_row \"  data-bt-override-class=\"{}\"><div class=\"bt_bb_row_holder\" ><div  class=\"bt_bb_column col-xxl-4 col-xl-4 col-xs-12 col-sm-12 col-md-12 col-lg-4 bt_bb_vertical_align_top bt_bb_align_left bt_bb_padding_normal bt_bb_shape_inherit\" style=\"; --column-width:4;\" data-width=\"4\" data-bt-override-class=\"{}\"><div class=\"bt_bb_column_content\"><div class=\"bt_bb_column_content_inner\"><\/div><\/div><\/div><div  class=\"bt_bb_column col-xxl-4 col-xl-4 col-xs-12 col-sm-12 col-md-12 col-lg-4 bt_bb_vertical_align_top bt_bb_align_left bt_bb_padding_normal bt_bb_shape_inherit\" style=\"; --column-width:4;\" data-width=\"4\" data-bt-override-class=\"{}\"><div class=\"bt_bb_column_content\"><div class=\"bt_bb_column_content_inner\"><div class=\"bt_bb_image bt_bb_shape_square bt_bb_align_inherit bt_bb_hover_style_simple bt_bb_content_display_always bt_bb_content_align_middle\"><span><img src = \"https:\/\/alfababymaster.com.br\/novo\/wp-content\/plugins\/bold-page-builder\/img\/blank.gif\" data-image_src=\"https:\/\/alfababymaster.com.br\/novo\/wp-content\/uploads\/2022\/02\/LOGO-SOP.png\" title=\"LOGO SOP\" alt=\"https:\/\/alfababymaster.com.br\/novo\/wp-content\/uploads\/2022\/02\/LOGO-SOP.png\" class=\"btLazyLoadImage\"><\/span><\/div><\/div><\/div><\/div><div  class=\"bt_bb_column col-xxl-4 col-xl-4 col-xs-12 col-sm-12 col-md-12 col-lg-4 bt_bb_vertical_align_top bt_bb_align_left bt_bb_padding_normal bt_bb_shape_inherit\" style=\"; --column-width:4;\" data-width=\"4\" data-bt-override-class=\"{}\"><div class=\"bt_bb_column_content\"><div class=\"bt_bb_column_content_inner\"><\/div><\/div><\/div><\/div><\/div><\/div><\/div><\/div><\/section><section id=\"bt_bb_section69f5926302904\"  class=\"bt_bb_section bt_bb_layout_boxed_1200\" ><div class=\"bt_bb_port\"><div class=\"bt_bb_cell\"><div class=\"bt_bb_cell_inner\"><div class=\"bt_bb_row \"  data-bt-override-class=\"{}\"><div class=\"bt_bb_row_holder\" ><div  class=\"bt_bb_column col-xxl-12 col-xl-12 col-xs-12 col-sm-12 col-md-12 col-lg-12 bt_bb_vertical_align_top bt_bb_align_left bt_bb_padding_normal bt_bb_shape_inherit\" style=\"; --column-width:12;\" data-width=\"12\" data-bt-override-class=\"{}\"><div class=\"bt_bb_column_content\"><div class=\"bt_bb_column_content_inner\"><div  class=\"bt_bb_text\" ><\/p>\n<div class=\"current markeddown hide-on-edit js-desc js-show-with-desc\" dir=\"auto\">\n<p dir=\"auto\">SOP \u2013 SERVI\u00c7O DE ORIENTA\u00c7\u00c3O EM PSICOLOGIA ESCOLAR<br \/>\n<strong>O que \u00e9?<\/strong><br \/>\nO SOP \u00e9 um dos setores respons\u00e1veis pelo cuidado e bem estar do seu filho na nossa institui\u00e7\u00e3o. Nossa proposta \u00e9 estar presente no desenvolvimento gradual de diversas habilidades no campo comportamental e pedag\u00f3gico dos alunos, por meio de interven\u00e7\u00f5es grupais e singularizadas, buscamos estar dando suporte e orienta\u00e7\u00e3o \u00e0s crian\u00e7as, adolescentes e fam\u00edlias.<\/p>\n<p dir=\"auto\"><strong>Quem \u00e9 o Psic\u00f3logo Escolar?<\/strong><br \/>\nA Psicologia Escolar est\u00e1 diretamente envolvida e atuante na observa\u00e7\u00e3o, an\u00e1lise, estudo, preven\u00e7\u00e3o e orienta\u00e7\u00e3o do comportamento humano, considerando como parte do processo de escolariza\u00e7\u00e3o as rela\u00e7\u00f5es afetivas, as pr\u00e1ticas institucionais e o contexto social. Atua principalmente com a motiva\u00e7\u00e3o, interesse, aten\u00e7\u00e3o, compreens\u00e3o e aprendizado geral da crian\u00e7a. A psicologia escolar visa adequar a escola \u00e0s crian\u00e7as e n\u00e3o as crian\u00e7as \u00e0 escola. A uni\u00e3o entre as demandas internas, as demandas externas e a an\u00e1lise institucional fazem com que se trace o melhor plano de a\u00e7\u00e3o.<\/p>\n<p dir=\"auto\"><strong>O que fazemos?<\/strong><br \/>\n\u2022 Escuta e Orienta\u00e7\u00e3o psicol\u00f3gica: em car\u00e1ter preventivo ou demanda espec\u00edfica \u2013 importante propiciar um espa\u00e7o onde o aluno possa expressar suas subjetividades e suas potencialidades. A partir da escuta do aluno ser\u00e1 poss\u00edvel pensar estrat\u00e9gias de a\u00e7\u00e3o mais eficientes;<br \/>\n\u2022 Observa\u00e7\u00e3o do aluno: observar como a crian\u00e7a se relaciona com o meio, colegas, institui\u00e7\u00e3o de ensino e pais (vice-versa);<br \/>\n\u2022 Projetos e Grupos com os alunos: Gest\u00e3o das emo\u00e7\u00f5es, habilidades socioemocionais, aconselhamento profissional, clubes de leitura\/s\u00e9ries, entre outros;<br \/>\n\u2022 Palestras preventivas para os alunos: temas importantes ao desenvolvimento humano e a conviv\u00eancia em grupo;<br \/>\n\u2022 Rodas de conversa com os alunos: temas espec\u00edficos, situa\u00e7\u00f5es espor\u00e1dicas, como bullying e respeito, por exemplo;<br \/>\n\u2022 Encaminhamentos em geral: psic\u00f3logo clinico, neuropedriatra, psiquiatra, psicopedagogo, entre outros.<br \/>\n\u2022 Forma\u00e7\u00e3o continuada para profissionais da institui\u00e7\u00e3o;<br \/>\n\u2022 Promo\u00e7\u00e3o de projetos sobre inclus\u00e3o;<br \/>\n\u2022 Trabalha com orienta\u00e7\u00e3o de pais e respons\u00e1veis.<\/p>\n<p dir=\"auto\">Nossos projetos tem o intuito de aprimorar o repert\u00f3rio social, estudantil e pessoal de cada um, em todos os n\u00edveis. Confira-os abaixo:<\/p>\n<p dir=\"auto\"><strong>POP \u2013 PROJETO DE ORIENTA\u00c7\u00c3O PROFISSIONAL<\/strong><br \/>\nDesenvolvido por nossa psic\u00f3loga escolar e direcionado aos alunos da 2\u00aa e 3\u00aa s\u00e9rie do ensino m\u00e9dio, o POP busca auxiliar a escolha profissional dos alunos por meio de palestras, rodas de conversa, atividades individuais, entrevistas e avalia\u00e7\u00f5es.<\/p>\n<p dir=\"auto\"><strong>DESENVOLVENDO HABILIDADES SOCIOEMOCIONAIS<\/strong><br \/>\nEsse projeto nasceu a partir do entendimento sobre a import\u00e2ncia do autoconhecimento emocional e como isso contribui para o processo de aprendizagem. Desenvolvido por nossa psic\u00f3loga escolar e direcionado aos alunos da educa\u00e7\u00e3o infantil, o Projeto Desenvolvendo Habilidades Socioemocionais busca trazer para o cotidiano das nossas crian\u00e7as oportunidades de reconhecer e lidar com sentimentos aversivos e positivos.<\/p>\n<p dir=\"auto\"><strong>Momento SOP IN<\/strong><br \/>\nO momento SOP IN prop\u00f5e um ciclo de palestra sobre assuntos relevantes aos nossos pr\u00e9-adolescentes e adolescentes. Procuramos sempre trazer temas que condizem com suas demandas, alguns exemplos s\u00e3o: \u201cComo escolher a melhor metodologia de estudos pra mim?\u201d \u201cTrabalhando com Metas.\u201d \u201cBullying\u201d \u201cSetembro Amarelo\u201d, entre outros. Os momentos ocorrem de forma mensal e podem ser proporcionados por convidados ou por nossa equipe interna.<\/p>\n<p dir=\"auto\"><strong>Palestras com os Pais<\/strong><br \/>\nEventualmente ao se notar a necessidade, o SOP busca criar momentos com os pais para orientar sobre temas relevante \u00e0 parentalidade consciente, ao desenvolvimento infantil, entre outros. Esses eventos ocorrem de forma online ou presencial, com convidados especializados nos temas ou por nossa equipe interna.<\/p>\n<p dir=\"auto\"><strong>Forma\u00e7\u00e3o Continuada<\/strong><br \/>\nA forma\u00e7\u00e3o continuada \u00e9 um projeto desenvolvido por nossa psic\u00f3loga escolar em prol dos nossos professores e funcion\u00e1rios. Semestralmente s\u00e3o ofertados momentos internos de forma\u00e7\u00e3o para atualizar nossos profissionais sobre temas recorrentes em sala de aula e como intervir e auxiliar na apresenta\u00e7\u00e3o dessas demandas.<\/p>\n<\/div>\n<p>\n<\/div><div class=\"bt_bb_separator bt_bb_border_style_none bt_bb_bottom_spacing_20\" data-bt-override-class=\"null\"><\/div><\/div><\/div><\/div><\/div><\/div><\/div><\/div><\/div><\/section><\/p>\n","protected":false},"excerpt":{"rendered":"","protected":false},"author":1,"featured_media":0,"parent":0,"menu_order":0,"comment_status":"closed","ping_status":"closed","template":"","meta":{"_eb_attr":"","om_disable_all_campaigns":false,"ub_ctt_via":"","_exactmetrics_skip_tracking":false,"_exactmetrics_sitenote_active":false,"_exactmetrics_sitenote_note":"","_exactmetrics_sitenote_category":0,"_monsterinsights_skip_tracking":false,"_monsterinsights_sitenote_active":false,"_monsterinsights_sitenote_note":"","_monsterinsights_sitenote_category":0,"_uf_show_specific_survey":0,"_uf_disable_surveys":false},"aioseo_notices":[],"featured_image_src":null,"_links":{"self":[{"href":"https:\/\/alfababymaster.com.br\/novo\/wp-json\/wp\/v2\/pages\/1365"}],"collection":[{"href":"https:\/\/alfababymaster.com.br\/novo\/wp-json\/wp\/v2\/pages"}],"about":[{"href":"https:\/\/alfababymaster.com.br\/novo\/wp-json\/wp\/v2\/types\/page"}],"author":[{"embeddable":true,"href":"https:\/\/alfababymaster.com.br\/novo\/wp-json\/wp\/v2\/users\/1"}],"replies":[{"embeddable":true,"href":"https:\/\/alfababymaster.com.br\/novo\/wp-json\/wp\/v2\/comments?post=1365"}],"version-history":[{"count":35,"href":"https:\/\/alfababymaster.com.br\/novo\/wp-json\/wp\/v2\/pages\/1365\/revisions"}],"predecessor-version":[{"id":1567,"href":"https:\/\/alfababymaster.com.br\/novo\/wp-json\/wp\/v2\/pages\/1365\/revisions\/1567"}],"wp:attachment":[{"href":"https:\/\/alfababymaster.com.br\/novo\/wp-json\/wp\/v2\/media?parent=1365"}],"curies":[{"name":"wp","href":"https:\/\/api.w.org\/{rel}","templated":true}]}}