{"id":1958,"date":"2022-03-22T10:06:50","date_gmt":"2022-03-22T13:06:50","guid":{"rendered":"https:\/\/alfababymaster.com.br\/novo\/?page_id=1958"},"modified":"2023-10-31T09:46:15","modified_gmt":"2023-10-31T12:46:15","slug":"matriculas-abertas-2024","status":"publish","type":"page","link":"https:\/\/alfababymaster.com.br\/novo\/matriculas-abertas-2024\/","title":{"rendered":"Matr\u00edculas Abertas para 2024"},"content":{"rendered":"<h1>Matr\u00edculas Abertas para 2024<\/h1>\n<p><strong>Nesta p\u00e1gina voc\u00ea encontra as seguintes informa\u00e7\u00f5es:<\/strong><\/p>\n<ul>\n<li>Descontos especiais<\/li>\n<li>Servi\u00e7os oferecidos<\/li>\n<li>Documentos necess\u00e1rios para matr\u00edcula<\/li>\n<li>O que \u00e9 como funcionam as entrevistas de sondagem<\/li>\n<li>Datas de in\u00edcio do ano letivo<\/li>\n<\/ul>\n<p><img loading=\"lazy\" class=\"aligncenter size-medium wp-image-2547\" src=\"https:\/\/alfababymaster.com.br\/novo\/wp-content\/uploads\/2023\/10\/01-1-640x469.png\" alt=\"matriculas-abertas-construindo-historias-extraordinarias\" width=\"640\" height=\"469\" srcset=\"https:\/\/alfababymaster.com.br\/novo\/wp-content\/uploads\/2023\/10\/01-1-640x469.png 640w, https:\/\/alfababymaster.com.br\/novo\/wp-content\/uploads\/2023\/10\/01-1-768x563.png 768w, https:\/\/alfababymaster.com.br\/novo\/wp-content\/uploads\/2023\/10\/01-1-320x234.png 320w, https:\/\/alfababymaster.com.br\/novo\/wp-content\/uploads\/2023\/10\/01-1.png 1055w\" sizes=\"(max-width: 640px) 100vw, 640px\" \/><\/p>\n<p><b>Hist\u00f3rias Extraordin\u00e1rias<\/b><span style=\"font-weight: 400;\"> podem surgir da rotina mais comum que voc\u00ea possa imaginar. Vivendo um dia de cada vez, formamos projetos de vida transformadores. Para isso n\u00e3o precisa de muito, o <strong>amor e<\/strong> <\/span><b>educa\u00e7\u00e3o de alto n\u00edvel<\/b><span style=\"font-weight: 400;\"> s\u00e3o suficientes. <strong>Amor<\/strong> para acolher e motivar em meios aos desafios. <strong>Educa\u00e7\u00e3o<\/strong> para abrir os caminhos de uma hist\u00f3ria feliz.<\/span><\/p>\n<p><span style=\"font-weight: 400;\">\u00c9 dessa forma que n\u00f3s, do <\/span><a title=\"Col\u00e9gio Alfa Baby Master\" href=\"http:\/\/alfababymaster.com.br\/novo\" target=\"_blank\" rel=\"noopener\"><b>Col\u00e9gio Alfa Baby &amp; Master<\/b><\/a><span style=\"font-weight: 400;\">, com nossos pais e educadores, seguimos para mais um ano <\/span><b>Construindo Hist\u00f3rias Extraordin\u00e1rias<\/b><span style=\"font-weight: 400;\">. Incluindo a do seu Filho!<\/span><\/p>\n<h5 style=\"text-align: center;\"><span style=\"font-weight: 400;\">Conhe\u00e7a benef\u00edcios exclusivos para quem n\u00e3o espera chegar 2024 para construir a <\/span><b>hist\u00f3ria extraordin\u00e1ria<\/b><strong> do seu filho.<\/strong><\/h5>\n<p><img loading=\"lazy\" class=\"responsive aligncenter wp-image-2550 size-medium\" title=\"descontos-matriculas-2024\" src=\"https:\/\/alfababymaster.com.br\/novo\/wp-content\/uploads\/2023\/10\/04-1-640x213.png\" alt=\"matriculas-abertas-2024\" width=\"640\" height=\"213\" srcset=\"https:\/\/alfababymaster.com.br\/novo\/wp-content\/uploads\/2023\/10\/04-1-640x213.png 640w, https:\/\/alfababymaster.com.br\/novo\/wp-content\/uploads\/2023\/10\/04-1-768x256.png 768w, https:\/\/alfababymaster.com.br\/novo\/wp-content\/uploads\/2023\/10\/04-1-320x106.png 320w, https:\/\/alfababymaster.com.br\/novo\/wp-content\/uploads\/2023\/10\/04-1.png 1223w\" sizes=\"(max-width: 640px) 100vw, 640px\" \/><\/p>\n<p><span style=\"font-weight: 400;\">Aproveite as <\/span><b>matr\u00edculas abertas para 2024<\/b><span style=\"font-weight: 400;\"> e garanta o lugar do seu filho na turma com seus amiguinhos!<\/span><\/p>\n<p><img loading=\"lazy\" class=\"aligncenter wp-image-2552 size-medium\" src=\"https:\/\/alfababymaster.com.br\/novo\/wp-content\/uploads\/2023\/10\/06-1-640x158.png\" alt=\"Aviso Importante sobre Rematr\u00edculas\" width=\"640\" height=\"158\" \/><\/p>\n<p>&nbsp;<\/p>\n<h2>Servi\u00e7os ofertados<\/h2>\n<p><span style=\"font-weight: 400;\">Aqui no <\/span><b>Col\u00e9gio Alfa Baby &amp; Master<\/b><span style=\"font-weight: 400;\"> oferecemos uma s\u00e9rie de a\u00e7\u00f5es e profissionais para acompanhar o dia a dia do seu filho al\u00e9m do conte\u00fado essencial na sala de aula. Conhe\u00e7a mais do que oferecemos para <\/span><b>construir hist\u00f3rias extraordin\u00e1rias<\/b><span style=\"font-weight: 400;\">.<\/span><\/p>\n<p><img loading=\"lazy\" class=\"aligncenter size-medium wp-image-2548\" src=\"https:\/\/alfababymaster.com.br\/novo\/wp-content\/uploads\/2023\/10\/02-1-640x611.png\" alt=\"Servi\u00e7os dispon\u00edveis para 2024\" width=\"640\" height=\"611\" srcset=\"https:\/\/alfababymaster.com.br\/novo\/wp-content\/uploads\/2023\/10\/02-1-640x611.png 640w, https:\/\/alfababymaster.com.br\/novo\/wp-content\/uploads\/2023\/10\/02-1-768x733.png 768w, https:\/\/alfababymaster.com.br\/novo\/wp-content\/uploads\/2023\/10\/02-1-320x306.png 320w, https:\/\/alfababymaster.com.br\/novo\/wp-content\/uploads\/2023\/10\/02-1.png 1085w\" sizes=\"(max-width: 640px) 100vw, 640px\" \/><\/p>\n<p>&nbsp;<\/p>\n<h6 style=\"text-align: center;\"><span style=\"font-weight: 400;\">Voc\u00ea tamb\u00e9m pode conhecer a estrutura do <strong>Col\u00e9gio Alfa Baby &amp; Master<\/strong> sem sair de casa com o nosso <\/span><b>Tour Virtual<\/b><span style=\"font-weight: 400;\">. Clique no bot\u00e3o abaixo para experimentar!<\/span><span style=\"font-weight: 400;\"><br \/>\n<\/span><\/h6>\n<h6 style=\"text-align: center;\"><a href=\"https:\/\/alfababymaster.com.br\/novo\/tuor-virtual\/\">Quero fazer um tour virtual<\/a><\/h6>\n<p>&nbsp;<\/p>\n<h2>Garanta a matr\u00edcula para 2024!<\/h2>\n<p><span style=\"font-weight: 400;\">Para garantir a vaga do seu filho no <\/span><b>Col\u00e9gio Alfa Baby &amp; Master<\/b><span style=\"font-weight: 400;\"> \u00e9 necess\u00e1rio que voc\u00ea apresente em nossa secretaria os documentos abaixo.<\/span><\/p>\n<p><img loading=\"lazy\" class=\"aligncenter size-medium wp-image-2551\" src=\"https:\/\/alfababymaster.com.br\/novo\/wp-content\/uploads\/2023\/10\/05-1-640x258.png\" alt=\"Documentos para matr\u00edcula em 2024\" width=\"640\" height=\"258\" srcset=\"https:\/\/alfababymaster.com.br\/novo\/wp-content\/uploads\/2023\/10\/05-1-640x258.png 640w, https:\/\/alfababymaster.com.br\/novo\/wp-content\/uploads\/2023\/10\/05-1-1280x517.png 1280w, https:\/\/alfababymaster.com.br\/novo\/wp-content\/uploads\/2023\/10\/05-1-768x310.png 768w, https:\/\/alfababymaster.com.br\/novo\/wp-content\/uploads\/2023\/10\/05-1-1536x620.png 1536w, https:\/\/alfababymaster.com.br\/novo\/wp-content\/uploads\/2023\/10\/05-1-320x129.png 320w, https:\/\/alfababymaster.com.br\/novo\/wp-content\/uploads\/2023\/10\/05-1.png 1556w\" sizes=\"(max-width: 640px) 100vw, 640px\" \/><\/p>\n<p><span style=\"font-weight: 400;\">Utilizamos os dados desses documentos para elabora\u00e7\u00e3o do seu contrato com a escola e atualiza\u00e7\u00e3o do <strong>nosso Sistema Acad\u00eamico<\/strong> em que voc\u00ea pode acompanhar tudo sobre seu filho:<\/span><\/p>\n<ul>\n<li style=\"font-weight: 400;\" aria-level=\"1\"><span style=\"font-weight: 400;\">Presen\u00e7as nas aulas<\/span><\/li>\n<li style=\"font-weight: 400;\" aria-level=\"1\"><span style=\"font-weight: 400;\">Boletim Bimestral e Notas<\/span><\/li>\n<li style=\"font-weight: 400;\" aria-level=\"1\"><span style=\"font-weight: 400;\">Comunicados da Escola<\/span><\/li>\n<li style=\"font-weight: 400;\" aria-level=\"1\"><span style=\"font-weight: 400;\">Biblioteca Virtual para alunos<\/span><\/li>\n<li style=\"font-weight: 400;\" aria-level=\"1\"><span style=\"font-weight: 400;\">Informa\u00e7\u00f5es Financeiras<\/span><\/li>\n<li style=\"font-weight: 400;\" aria-level=\"1\"><span style=\"font-weight: 400;\">e muito mais!<\/span><\/li>\n<\/ul>\n<p>&nbsp;<\/p>\n<h2>Entrevista de sondagem<\/h2>\n<p><span style=\"font-weight: 400;\">A <\/span><b>entrevista de sondagem<\/b><span style=\"font-weight: 400;\"> \u00e9 um passo importante no processo de <\/span><b>matr\u00edcula do seu filho no Col\u00e9gio Alfa Baby &amp; Master<\/b><span style=\"font-weight: 400;\">. Atrav\u00e9s dela conseguimos entender melhor nosso novo aluno desde sua motiva\u00e7\u00e3o para ingressar em nossa escola, suas <\/span><b>habilidades extraordin\u00e1rias<\/b><span style=\"font-weight: 400;\">, at\u00e9 as dificuldades que tem enfrentado at\u00e9 o momento.\u00a0<\/span><\/p>\n<p><span style=\"font-weight: 400;\">Esta etapa contribui para um processo mais inclusivo e personalizado do seu filho, facilitando sua adapta\u00e7\u00e3o ao seu novo ambiente escolar. Tudo pensado para <\/span><b>construir hist\u00f3rias extraordin\u00e1rias <\/b><span style=\"font-weight: 400;\">em 2024!<\/span><\/p>\n<p><span style=\"font-weight: 400;\">Vale destacar que esta \u00e9 uma <strong>etapa exclusiva<\/strong> para novos alunos do Fundamental Anos Finais (6\u00ba a 9\u00ba ano) e Ensino M\u00e9dio (1\u00ba a 3\u00ba ano).<\/span><\/p>\n<h6><span style=\"font-weight: 400;\">Como funciona a entrevista de sondagem?<\/span><\/h6>\n<ol>\n<li style=\"font-weight: 400;\" aria-level=\"1\"><span style=\"font-weight: 400;\">No ato da <\/span><b>matr\u00edcula para 2024<\/b><span style=\"font-weight: 400;\">, ser\u00e3o apresentadas as datas dispon\u00edveis para a <\/span><b>entrevista de sondagem<\/b><\/li>\n<li style=\"font-weight: 400;\" aria-level=\"1\"><span style=\"font-weight: 400;\">Voc\u00ea escolhe a melhor data e hor\u00e1rio dentre as op\u00e7\u00f5es apresentadas.<\/span><\/li>\n<li style=\"font-weight: 400;\" aria-level=\"1\"><span style=\"font-weight: 400;\">No dia e hora marcados, basta que seu filho se apresente na secretaria portando documento com foto.<\/span><\/li>\n<li style=\"font-weight: 400;\" aria-level=\"1\"><span style=\"font-weight: 400;\">Nesse dia, ele ter\u00e1 um encontro com um psic\u00f3logo especializado na <\/span><b>entrevista de sondagem <\/b><span style=\"font-weight: 400;\">que tamb\u00e9m dar\u00e1 suporte \u00e0 coordena\u00e7\u00e3o para um melhor desempenho do seu filho.<\/span><\/li>\n<\/ol>\n<p><span style=\"font-weight: 400;\">As informa\u00e7\u00f5es colhidas na <\/span><b>entrevista de sondagem<\/b><span style=\"font-weight: 400;\"> n\u00e3o s\u00e3o p\u00fablicas, ficam restritas aos profissionais que acompanhar\u00e3o o desenvolvimento escolar. Contudo, se o respons\u00e1vel pelo aluno desejar um resumo desta <\/span><b>entrevista<\/b><span style=\"font-weight: 400;\">, pode procurar a secretaria do Col\u00e9gio e conversar com o profissional respons\u00e1vel pelo processo, que trar\u00e1 sua conclus\u00e3o e sugest\u00f5es, para <\/span><b>construirmos juntos a hist\u00f3ria extraordin\u00e1ria do seu filho<\/b><span style=\"font-weight: 400;\">!<\/span><\/p>\n<p>&nbsp;<\/p>\n<h2>In\u00edcio das aulas em 2024<\/h2>\n<p><span style=\"font-weight: 400;\">Fique por dentro das datas de <\/span><b>in\u00edcio das aulas em 2024 no Col\u00e9gio Alfa Baby &amp; Master<\/b><span style=\"font-weight: 400;\">.<\/span><\/p>\n<p><img loading=\"lazy\" class=\"aligncenter size-medium wp-image-2555\" src=\"https:\/\/alfababymaster.com.br\/novo\/wp-content\/uploads\/2023\/10\/09-1-640x121.png\" alt=\"In\u00edcio do Ano Letivo\" width=\"640\" height=\"121\" srcset=\"https:\/\/alfababymaster.com.br\/novo\/wp-content\/uploads\/2023\/10\/09-1-640x121.png 640w, https:\/\/alfababymaster.com.br\/novo\/wp-content\/uploads\/2023\/10\/09-1-1280x243.png 1280w, https:\/\/alfababymaster.com.br\/novo\/wp-content\/uploads\/2023\/10\/09-1-768x146.png 768w, https:\/\/alfababymaster.com.br\/novo\/wp-content\/uploads\/2023\/10\/09-1-320x61.png 320w, https:\/\/alfababymaster.com.br\/novo\/wp-content\/uploads\/2023\/10\/09-1.png 1451w\" sizes=\"(max-width: 640px) 100vw, 640px\" \/><\/p>\n<h6 style=\"text-align: center;\">Importante: Nosso processo de matr\u00edculas acontece at\u00e9 preenchermos as vagas nas turmas, que s\u00e3o limitadas. Garanta logo a vaga do seu filho!<\/h6>\n<h2><\/h2>\n<h2>Fale conosco!<\/h2>\n<p><span style=\"font-weight: 400;\">Tire outras d\u00favidas ou j\u00e1 garanta a vaga do seu filho no <\/span><b>Col\u00e9gio Alfa Baby &amp; Master em 2024<\/b><span style=\"font-weight: 400;\">.<\/span><\/p>\n<h6 style=\"text-align: center;\"><a title=\"Converse conosco pelo WhatsApp\" href=\"http:\/\/wa.me\/5588981171805\" target=\"_blank\" rel=\"noopener\"><strong>Converse pelo WhatsApp<\/strong><\/a><\/h6>\n","protected":false},"excerpt":{"rendered":"<p>Matr\u00edculas Abertas para 2024 Nesta p\u00e1gina voc\u00ea encontra as seguintes informa\u00e7\u00f5es: Descontos especiais Servi\u00e7os oferecidos Documentos necess\u00e1rios para matr\u00edcula O que \u00e9 como funcionam as entrevistas de sondagem Datas de in\u00edcio do ano letivo Hist\u00f3rias Extraordin\u00e1rias podem surgir da rotina mais comum que voc\u00ea possa imaginar. Vivendo um dia de cada vez, formamos projetos de&#8230;<\/p>\n","protected":false},"author":1,"featured_media":2557,"parent":0,"menu_order":0,"comment_status":"closed","ping_status":"closed","template":"","meta":{"_eb_attr":"","om_disable_all_campaigns":false,"ub_ctt_via":"","_exactmetrics_skip_tracking":false,"_exactmetrics_sitenote_active":false,"_exactmetrics_sitenote_note":"","_exactmetrics_sitenote_category":0,"_monsterinsights_skip_tracking":false,"_monsterinsights_sitenote_active":false,"_monsterinsights_sitenote_note":"","_monsterinsights_sitenote_category":0,"_uf_show_specific_survey":0,"_uf_disable_surveys":false},"aioseo_notices":[],"featured_image_src":"https:\/\/alfababymaster.com.br\/novo\/wp-content\/uploads\/2023\/10\/matriculas-abertas-2024-opengraph.jpg","_links":{"self":[{"href":"https:\/\/alfababymaster.com.br\/novo\/wp-json\/wp\/v2\/pages\/1958"}],"collection":[{"href":"https:\/\/alfababymaster.com.br\/novo\/wp-json\/wp\/v2\/pages"}],"about":[{"href":"https:\/\/alfababymaster.com.br\/novo\/wp-json\/wp\/v2\/types\/page"}],"author":[{"embeddable":true,"href":"https:\/\/alfababymaster.com.br\/novo\/wp-json\/wp\/v2\/users\/1"}],"replies":[{"embeddable":true,"href":"https:\/\/alfababymaster.com.br\/novo\/wp-json\/wp\/v2\/comments?post=1958"}],"version-history":[{"count":19,"href":"https:\/\/alfababymaster.com.br\/novo\/wp-json\/wp\/v2\/pages\/1958\/revisions"}],"predecessor-version":[{"id":2577,"href":"https:\/\/alfababymaster.com.br\/novo\/wp-json\/wp\/v2\/pages\/1958\/revisions\/2577"}],"wp:featuredmedia":[{"embeddable":true,"href":"https:\/\/alfababymaster.com.br\/novo\/wp-json\/wp\/v2\/media\/2557"}],"wp:attachment":[{"href":"https:\/\/alfababymaster.com.br\/novo\/wp-json\/wp\/v2\/media?parent=1958"}],"curies":[{"name":"wp","href":"https:\/\/api.w.org\/{rel}","templated":true}]}}