{"id":682,"date":"2021-09-15T09:35:37","date_gmt":"2021-09-15T12:35:37","guid":{"rendered":"https:\/\/alfababymaster.com.br\/novo\/?page_id=682"},"modified":"2022-01-26T14:07:49","modified_gmt":"2022-01-26T17:07:49","slug":"quem-somos","status":"publish","type":"page","link":"https:\/\/alfababymaster.com.br\/novo\/quem-somos\/","title":{"rendered":"NOSSA HIST\u00d3RIA"},"content":{"rendered":"<p><section id=\"bt_bb_section69f5925aa5bff\"  data-background_image_src=\"'https:\/\/alfababymaster.com.br\/novo\/wp-content\/uploads\/2021\/10\/131.png'\" class=\"bt_bb_section bt_bb_layout_boxed_1200 bt_bb_vertical_align_top btLazyLoadBackground bt_bb_background_image\" style=\"background-image:url(&#039;https:\/\/alfababymaster.com.br\/novo\/wp-content\/plugins\/bold-page-builder\/img\/blank.gif&#039;);\"><div class=\"bt_bb_port\"><div class=\"bt_bb_cell\"><div class=\"bt_bb_cell_inner\"><div class=\"bt_bb_row \"  data-bt-override-class=\"{}\"><div class=\"bt_bb_row_holder\" ><div  class=\"bt_bb_column col-xxl-12 col-xl-12 col-xs-12 col-sm-12 col-md-12 col-lg-12 bt_bb_vertical_align_top bt_bb_align_left bt_bb_padding_normal bt_bb_shape_hard-rounded\" style=\"; --column-width:12;\" data-width=\"12\" data-bt-override-class=\"{&quot;bt_bb_align_&quot;:{&quot;current_class&quot;:&quot;bt_bb_align_left&quot;,&quot;def&quot;:&quot;left&quot;,&quot;xl&quot;:&quot;left&quot;}}\"><div class=\"bt_bb_column_content\"><div class=\"bt_bb_column_content_inner\"><div class=\"bt_bb_separator bt_bb_border_style_none bt_bb_bottom_spacing_35\" data-bt-override-class=\"null\"><\/div><div class=\"bt_bb_separator bt_bb_border_style_none bt_bb_bottom_spacing_35\" data-bt-override-class=\"null\"><\/div><div  class=\"bt_bb_text\" ><\/p>\n<h3 class=\"bt_bb_separator bt_bb_bottom_spacing_10 bt_bb_border_style_none\" style=\"text-align: center;\"><span style=\"color: #ffffff;\">NOSSA HIST\u00d3RIA<\/span><\/h3>\n<p>\n<\/div><div class=\"bt_bb_separator bt_bb_border_style_none bt_bb_bottom_spacing_25\" data-bt-override-class=\"null\"><\/div><\/div><\/div><\/div><\/div><\/div><\/div><\/div><\/div><\/section><section id=\"bt_bb_section69f5925aa5da6\"  class=\"bt_bb_section bt_bb_layout_boxed_1200\" ><div class=\"bt_bb_port\"><div class=\"bt_bb_cell\"><div class=\"bt_bb_cell_inner\"><div class=\"bt_bb_row \"  data-bt-override-class=\"{}\"><div class=\"bt_bb_row_holder\" ><div  class=\"bt_bb_column col-xxl-6 col-xl-6 col-xs-12 col-sm-6 col-md-6 col-lg-6 bt_bb_vertical_align_top bt_bb_align_left bt_bb_padding_normal bt_bb_shape_inherit\" style=\"; --column-width:6;\" data-width=\"6\" data-bt-override-class=\"{}\"><div class=\"bt_bb_column_content\"><div class=\"bt_bb_column_content_inner\"><div class=\"bt_bb_separator bt_bb_border_style_none bt_bb_bottom_spacing_25\" data-bt-override-class=\"null\"><\/div><div  class=\"bt_bb_text\" ><\/p>\n<p>Nobre pelos seus ideais, grande por sua filosofia educacional e predestinado \u00e0s grandes conquistas, o Col\u00e9gio Alfa Master iniciou assim a solidifica\u00e7\u00e3o de um grande sonho que revolucionaria a mais rica das miss\u00f5es do ser humano, o ato de educar e preparar o indiv\u00edduo para a vida na sociedade. E tudo come\u00e7o no dia 20 de outubro de 1994 no munic\u00edpio de Itapipoca na Avenida Duque de Caxias, 336 no Centro da cidade.<br \/>\nO fil\u00f3sofo disse uma vez que \u201cNada de grande no mundo \u00e9 feito sem paix\u00e3o\u201d. E foi exatamente a indispens\u00e1vel for\u00e7a da paix\u00e3o que motivou as irm\u00e3s: N\u00e9lia Freires de Sousa, Neila Freires de Sousa, Neuma Freires de Sousa, N\u00e1dia Freires de Sousa, Nirla Maria Freires de Sousa, Nereida Maria Freires de Sousa e Noely Maria Freires de Sousa, acreditarem na possibilidade de uma forma inovadora de se fazer educa\u00e7\u00e3o em Itapipoca.<br \/>\nO nome ALFA BABY nasceu da jun\u00e7\u00e3o de dois anseios b\u00e1sicos que serviram de inspira\u00e7\u00e3o aos ideais das sete irm\u00e3s educadoras. ALFA vem do grego, \u00e9 o princ\u00edpio, o in\u00edcio, onde tudo come\u00e7a. E BABY vem do ingl\u00eas, \u00e9 o beb\u00ea, a crian\u00e7a. Alfa Baby, portando, \u00e9 a idealiza\u00e7\u00e3o da inser\u00e7\u00e3o do indiv\u00edduo no mundo dos s\u00edmbolos, das letras, fonemas e palavras. Somente mais tarde a dire\u00e7\u00e3o do col\u00e9gio sentiu a necessidade de completar o ensino b\u00e1sico, ent\u00e3o acrescentou o nome MASTER que vem do ingl\u00eas e significa m\u00e1ximo, maior. Dessa forma a denomina\u00e7\u00e3o de Col\u00e9gio Alfa Baby e Master.<br \/>\nNo in\u00edcio, todas as aten\u00e7\u00f5es foram concentradas num projeto educacional onde a forma\u00e7\u00e3o do individuo em sua totalidade tornou-se o cerne embrion\u00e1rio de uma semente que anos mais tarde renderia seus belos e vi\u00e7osos frutos a sociedade Itapipoquense.<br \/>\nAtualmente o col\u00e9gio Alfa Master est\u00e1 localizado em sua moderna sede pr\u00f3pria na rua Pe. Bezerra, 2321, Alto Alegre, Itapipoca-CE. Conta hoje com o mais completo Programa educacional de ensino, que traz a garantia e a experi\u00eancia de mais de sete d\u00e9cadas no sistema de educa\u00e7\u00e3o brasileira, SAS \u2013 SISTEMA ARI DE S\u00c1.<br \/>\nA Equipe Diretiva do Col\u00e9gio Alfa Master \u00e9 composta de excelentes profissionais t\u00e9cnicos e docentes. Aos alunos \u00e9 oferecido, salas refrigeradas, gin\u00e1sio poli esportivo, ludoteca, Audit\u00f3rio refrigerado, Cantina, Laborat\u00f3rio de ci\u00eancias da natureza, sala multimeios, Mesas Educaionais, Psicologia, Psicopedagogia, entre outros.<br \/>\nO Col\u00e9gio Alfa Master est\u00e1 Credenciado e autorizado para oferecer servi\u00e7os educacionais da Educa\u00e7\u00e3o Infantil, Ensino Fundamental e M\u00e9dio, sob Parecer 563\/2016 pelo Conselho de Educa\u00e7\u00e3o do Estado.<br \/>\nO Col\u00e9gio Alfa Master chega ao terceiro mil\u00eanio oferecendo \u00e0s crian\u00e7as e jovens de nossa regi\u00e3o a possibilidade da sua inser\u00e7\u00e3o na vida s\u00f3cio-pol\u00edtica e econ\u00f4mica da comunidade, formando e informando uma nova gera\u00e7\u00e3o onde os valores e princ\u00edpios b\u00e1sicos de uma sociedade democr\u00e1tica e livre como a honestidade, a amizade, o humanismo e o respeito ao pr\u00f3ximo andam conjuntamente em meio a realidade social t\u00e3o competitiva, ego\u00edsta e desumana.<br \/>\nO Col\u00e9gio Alfa Master, se referencia no lema EDUCA\u00c7\u00c3O DE ALTO N\u00cdVEL, sob a \u00f3tica ut\u00f3pica de uma busca di\u00e1ria e ininterrupta visando oferecer a cada dia o nosso melhor servi\u00e7o onde o ser humano \u00e9 o centro de nossas aten\u00e7\u00f5es.<\/p>\n<p>\n<\/div><\/div><\/div><\/div><div  class=\"bt_bb_column col-xxl-6 col-xl-6 col-xs-12 col-sm-6 col-md-6 col-lg-6 bt_bb_vertical_align_top bt_bb_align_left bt_bb_padding_normal bt_bb_shape_inherit\" style=\"; --column-width:6;\" data-width=\"6\" data-bt-override-class=\"{}\"><div class=\"bt_bb_column_content\"><div class=\"bt_bb_column_content_inner\"><div class=\"bt_bb_separator bt_bb_border_style_none bt_bb_bottom_spacing_25\" data-bt-override-class=\"null\"><\/div><div class=\"bt_bb_separator bt_bb_border_style_none bt_bb_bottom_spacing_25\" data-bt-override-class=\"null\"><\/div><div class=\"bt_bb_floating_image bt_bb_floating_image_horizontal_position_default bt_bb_floating_image_vertical_position_default bt_bb_floating_image_animation_delay_default bt_bb_floating_image_animation_duration_default bt_bb_floating_image_animation_style_ease_in_out\" data-speed=\"1.0\"><div class=\"bt_bb_floating_image_image\" data-speed=\"1.0\"><div class=\"bt_bb_image\"><span><img src=\"https:\/\/alfababymaster.com.br\/novo\/wp-content\/uploads\/2021\/10\/FOTOS-DOS-ALFAS-BABYS.png\" title=\"FOTOS DOS ALFAS BABYS\" alt=\"https:\/\/alfababymaster.com.br\/novo\/wp-content\/uploads\/2021\/10\/FOTOS-DOS-ALFAS-BABYS.png\"><\/span><\/div><\/div><\/div><\/div><\/div><\/div><\/div><\/div><\/div><\/div><\/div><\/section><\/p>\n","protected":false},"excerpt":{"rendered":"","protected":false},"author":1,"featured_media":0,"parent":0,"menu_order":0,"comment_status":"closed","ping_status":"closed","template":"","meta":{"_eb_attr":"","om_disable_all_campaigns":false,"ub_ctt_via":"","_exactmetrics_skip_tracking":false,"_exactmetrics_sitenote_active":false,"_exactmetrics_sitenote_note":"","_exactmetrics_sitenote_category":0,"_monsterinsights_skip_tracking":false,"_monsterinsights_sitenote_active":false,"_monsterinsights_sitenote_note":"","_monsterinsights_sitenote_category":0,"_uf_show_specific_survey":0,"_uf_disable_surveys":false},"aioseo_notices":[],"featured_image_src":null,"_links":{"self":[{"href":"https:\/\/alfababymaster.com.br\/novo\/wp-json\/wp\/v2\/pages\/682"}],"collection":[{"href":"https:\/\/alfababymaster.com.br\/novo\/wp-json\/wp\/v2\/pages"}],"about":[{"href":"https:\/\/alfababymaster.com.br\/novo\/wp-json\/wp\/v2\/types\/page"}],"author":[{"embeddable":true,"href":"https:\/\/alfababymaster.com.br\/novo\/wp-json\/wp\/v2\/users\/1"}],"replies":[{"embeddable":true,"href":"https:\/\/alfababymaster.com.br\/novo\/wp-json\/wp\/v2\/comments?post=682"}],"version-history":[{"count":27,"href":"https:\/\/alfababymaster.com.br\/novo\/wp-json\/wp\/v2\/pages\/682\/revisions"}],"predecessor-version":[{"id":1269,"href":"https:\/\/alfababymaster.com.br\/novo\/wp-json\/wp\/v2\/pages\/682\/revisions\/1269"}],"wp:attachment":[{"href":"https:\/\/alfababymaster.com.br\/novo\/wp-json\/wp\/v2\/media?parent=682"}],"curies":[{"name":"wp","href":"https:\/\/api.w.org\/{rel}","templated":true}]}}