{"id":881,"date":"2021-10-07T10:21:51","date_gmt":"2021-10-07T13:21:51","guid":{"rendered":"https:\/\/alfababymaster.com.br\/novo\/?page_id=881"},"modified":"2022-03-22T08:40:55","modified_gmt":"2022-03-22T11:40:55","slug":"tuor-virtual","status":"publish","type":"page","link":"https:\/\/alfababymaster.com.br\/novo\/tuor-virtual\/","title":{"rendered":"Tuor Virtual"},"content":{"rendered":"<p><section id=\"bt_bb_section69f5927ec47c8\"  data-background_image_src=\"'https:\/\/alfababymaster.com.br\/novo\/wp-content\/uploads\/2021\/10\/131.png'\" class=\"bt_bb_section bt_bb_layout_boxed_1200 bt_bb_vertical_align_top btLazyLoadBackground bt_bb_background_image\" style=\"background-image:url(&#039;https:\/\/alfababymaster.com.br\/novo\/wp-content\/plugins\/bold-page-builder\/img\/blank.gif&#039;);\"><div class=\"bt_bb_port\"><div class=\"bt_bb_cell\"><div class=\"bt_bb_cell_inner\"><div class=\"bt_bb_row  bt_bb_column_gap_extra_small bt_bb_shape_inherit\"  data-bt-override-class=\"{}\"><div class=\"bt_bb_row_holder\" ><div  class=\"bt_bb_column col-xxl-12 col-xl-12 col-xs-12 col-sm-12 col-md-12 col-lg-12 bt_bb_vertical_align_top bt_bb_align_left bt_bb_padding_normal bt_bb_shape_hard-rounded\" style=\"; --column-width:12;\" data-width=\"12\" data-bt-override-class=\"{&quot;bt_bb_align_&quot;:{&quot;current_class&quot;:&quot;bt_bb_align_left&quot;,&quot;def&quot;:&quot;left&quot;,&quot;xl&quot;:&quot;left&quot;}}\"><div class=\"bt_bb_column_content\"><div class=\"bt_bb_column_content_inner\"><div class=\"bt_bb_separator bt_bb_border_style_none bt_bb_bottom_spacing_35\" data-bt-override-class=\"null\"><\/div><div class=\"bt_bb_separator bt_bb_border_style_none bt_bb_bottom_spacing_35\" data-bt-override-class=\"null\"><\/div><div  class=\"bt_bb_text\" ><\/p>\n<h5 style=\"text-align: center;\"><span style=\"color: #ffffff;\">Estrutura<\/span><\/h5>\n<p>\n<\/div><div class=\"bt_bb_separator bt_bb_border_style_none bt_bb_bottom_spacing_15\" data-bt-override-class=\"null\"><\/div><\/div><\/div><\/div><\/div><\/div><\/div><\/div><\/div><\/section><section id=\"bt_bb_section69f5927ec49d5\"  class=\"bt_bb_section bt_bb_layout_wide bt_bb_vertical_align_top\" ><div class=\"bt_bb_port\"><div class=\"bt_bb_cell\"><div class=\"bt_bb_cell_inner\"><div class=\"bt_bb_row \"  data-bt-override-class=\"{}\"><div class=\"bt_bb_row_holder\" ><div  class=\"bt_bb_column col-xxl-12 col-xl-12 col-xs-12 col-sm-12 col-md-12 col-lg-12 bt_bb_vertical_align_top bt_bb_align_left bt_bb_padding_normal bt_bb_shape_inherit\" style=\"; --column-width:12;\" data-width=\"12\" data-bt-override-class=\"{}\"><div class=\"bt_bb_column_content\"><div class=\"bt_bb_column_content_inner\"><div  class=\"bt_bb_text\" ><\/p>\n<h6><\/h6>\n<h6 style=\"text-align: center;\">Investir na educa\u00e7\u00e3o tamb\u00e9m \u00e9 investir em uma estrutura capaz de receber o seu filho e a sua fam\u00edlia da melhor forma poss\u00edvel.<br \/>\nConhe\u00e7a agora a estrutura do Col\u00e9gio Alfa Baby e Master, atrav\u00e9s de um tour virtual.<br \/>\nEntre em contato conosco e agende uma visita presencial!<\/h6>\n<p>\n<\/div><div  class=\"bt_bb_text\" ><\/div><\/div><\/div><\/div><\/div><\/div><div class=\"bt_bb_row  bt_bb_shape_inherit\"  data-bt-override-class=\"{}\"><div class=\"bt_bb_row_holder\" ><div  class=\"bt_bb_column col-xxl-12 col-xl-12 col-xs-12 col-sm-12 col-md-12 col-lg-12 bt_bb_vertical_align_top bt_bb_align_left bt_bb_padding_normal bt_bb_shape_inherit\" style=\"; --column-width:12;\" data-width=\"12\" data-bt-override-class=\"{}\"><div class=\"bt_bb_column_content\"><div class=\"bt_bb_column_content_inner\"><\/div><\/div><\/div><\/div><\/div><\/div><\/div><\/div><\/section><section id=\"bt_bb_section69f5927ec4b41\"  class=\"bt_bb_section bt_bb_top_spacing_extra_small bt_bb_layout_wide bt_bb_vertical_align_top\" ><div class=\"bt_bb_port\"><div class=\"bt_bb_cell\"><div class=\"bt_bb_cell_inner\"><div class=\"bt_bb_row \"  data-bt-override-class=\"{}\"><div class=\"bt_bb_row_holder\" ><div  class=\"bt_bb_column col-xxl-12 col-xl-12 col-xs-12 col-sm-12 col-md-12 col-lg-12 bt_bb_vertical_align_top bt_bb_align_left bt_bb_padding_normal bt_bb_shape_inherit\" style=\"; --column-width:12;\" data-width=\"12\" data-bt-override-class=\"{}\"><div class=\"bt_bb_column_content\"><div class=\"bt_bb_column_content_inner\"><div class=\"bt_bb_separator bt_bb_border_style_none bt_bb_bottom_spacing_20\" data-bt-override-class=\"null\"><\/div><\/div><\/div><\/div><\/div><\/div><\/div><\/div><\/div><\/section><section id=\"bt_bb_section69f5927ec4c17\"  class=\"bt_bb_section bt_bb_layout_boxed_1200\" ><div class=\"bt_bb_port\"><div class=\"bt_bb_cell\"><div class=\"bt_bb_cell_inner\"><div class=\"bt_bb_row \"  data-bt-override-class=\"{}\"><div class=\"bt_bb_row_holder\" ><div  class=\"bt_bb_column col-xxl-12 col-xl-12 col-xs-12 col-sm-12 col-md-12 col-lg-12 bt_bb_vertical_align_top bt_bb_align_left bt_bb_padding_normal bt_bb_shape_inherit\" style=\"; --column-width:12;\" data-width=\"12\" data-bt-override-class=\"{}\"><div class=\"bt_bb_column_content\"><div class=\"bt_bb_column_content_inner\"><\/div><\/div><\/div><\/div><\/div><\/div><\/div><\/div><\/section><section id=\"bt_bb_section69f5927ec4ced\"  class=\"bt_bb_section bt_bb_layout_wide bt_bb_vertical_align_top\" ><div class=\"bt_bb_port\"><div class=\"bt_bb_cell\"><div class=\"bt_bb_cell_inner\"><div class=\"bt_bb_row \"  data-bt-override-class=\"{}\"><div class=\"bt_bb_row_holder\" ><div  class=\"bt_bb_column col-xxl-12 col-xl-12 col-xs-12 col-sm-12 col-md-12 col-lg-12 bt_bb_vertical_align_top bt_bb_align_center bt_bb_order_xl_0 bt_bb_order_lg_0 bt_bb_order_md_0 bt_bb_order_sm_0 bt_bb_order_xs_0 bt_bb_padding_text_indent bt_bb_shadow_hover-inner-visible bt_bb_shape_inherit\" style=\"; --column-width:12;\" data-width=\"12\" data-bt-override-class=\"{&quot;bt_bb_align_&quot;:{&quot;current_class&quot;:&quot;bt_bb_align_center&quot;,&quot;def&quot;:&quot;center&quot;,&quot;xl&quot;:&quot;center&quot;,&quot;lg&quot;:&quot;center&quot;,&quot;md&quot;:&quot;center&quot;,&quot;sm&quot;:&quot;center&quot;,&quot;xs&quot;:&quot;center&quot;}}\"><div class=\"bt_bb_column_content\"><div class=\"bt_bb_column_content_inner\"><div class=\"bt_bb_raw_content\"><iframe src=\"https:\/\/www.google.com\/maps\/embed?pb=!4v1633631302564!6m8!1m7!1sCAoSLEFGMVFpcFBvNVdmckt4Q0xnRDh3ZkQ5UmNLR3dZODZXUEcwbldTVFIxYVdK!2m2!1d-3.500324918641982!2d-39.5855376496911!3f79.83436705008104!4f-11.866741473985968!5f0.7820865974627469\" width=\"800\" height=\"600\" style=\"border:0;\" allowfullscreen=\"\" loading=\"lazy\"><\/iframe><\/div><\/div><\/div><\/div><\/div><\/div><\/div><\/div><\/div><\/section><section id=\"bt_bb_section69f5927ec4e54\"  class=\"bt_bb_section bt_bb_layout_boxed_1200\" ><div class=\"bt_bb_port\"><div class=\"bt_bb_cell\"><div class=\"bt_bb_cell_inner\"><div class=\"bt_bb_row \"  data-bt-override-class=\"{}\"><div class=\"bt_bb_row_holder\" ><div  class=\"bt_bb_column col-xxl-12 col-xl-12 col-xs-12 col-sm-12 col-md-12 col-lg-12 bt_bb_vertical_align_top bt_bb_align_left bt_bb_padding_normal bt_bb_shape_inherit\" style=\"; --column-width:12;\" data-width=\"12\" data-bt-override-class=\"{}\"><div class=\"bt_bb_column_content\"><div class=\"bt_bb_column_content_inner\"><div class=\"bt_bb_separator bt_bb_border_style_none bt_bb_bottom_spacing_40\" data-bt-override-class=\"null\"><\/div><\/div><\/div><\/div><\/div><\/div><\/div><\/div><\/div><\/section><section id=\"bt_bb_section69f5927ec4f38\"  class=\"bt_bb_section bt_bb_layout_wide bt_bb_vertical_align_top\" ><div class=\"bt_bb_port\"><div class=\"bt_bb_cell\"><div class=\"bt_bb_cell_inner\"><div class=\"bt_bb_row \"  data-bt-override-class=\"{}\"><div class=\"bt_bb_row_holder\" ><div  class=\"bt_bb_column col-xxl-12 col-xl-12 col-xs-12 col-sm-12 col-md-12 col-lg-12 bt_bb_vertical_align_top bt_bb_align_left bt_bb_padding_normal bt_bb_shape_inherit\" style=\"; --column-width:12;\" data-width=\"12\" data-bt-override-class=\"{}\"><div class=\"bt_bb_column_content\"><div class=\"bt_bb_column_content_inner\"><div class=\"bt_bb_masonry_image_grid bt_bb_grid_container bt_bb_columns_4 bt_bb_gap_extrasmall\" data-columns=\"4\"><div class=\"bt_bb_masonry_post_image_content\" data-columns=\"4\"><div class=\"bt_bb_grid_sizer\"><\/div><div class=\"bt_bb_grid_item bt_bb_tile_format11\" data-hw=\"0.66166666666667\" data-src=\"https:\/\/alfababymaster.com.br\/novo\/wp-content\/uploads\/2022\/03\/17-1280x847.png\" data-src-full=\"https:\/\/alfababymaster.com.br\/novo\/wp-content\/uploads\/2022\/03\/17.png\" data-title=\"17\"><div class=\"bt_bb_grid_item_inner\" data-hw=\"0.66166666666667\" ><div class=\"bt_bb_grid_item_inner_image\"><\/div><div class=\"bt_bb_grid_item_inner_content\"><\/div><\/div><\/div><div class=\"bt_bb_grid_item bt_bb_tile_format11\" data-hw=\"0.66175115207373\" data-src=\"https:\/\/alfababymaster.com.br\/novo\/wp-content\/uploads\/2022\/03\/0002.png\" data-src-full=\"https:\/\/alfababymaster.com.br\/novo\/wp-content\/uploads\/2022\/03\/0002.png\" data-title=\"0002\"><div class=\"bt_bb_grid_item_inner\" data-hw=\"0.66175115207373\" ><div class=\"bt_bb_grid_item_inner_image\"><\/div><div class=\"bt_bb_grid_item_inner_content\"><\/div><\/div><\/div><div class=\"bt_bb_grid_item bt_bb_tile_format11\" data-hw=\"0.66175115207373\" data-src=\"https:\/\/alfababymaster.com.br\/novo\/wp-content\/uploads\/2022\/03\/0004.png\" data-src-full=\"https:\/\/alfababymaster.com.br\/novo\/wp-content\/uploads\/2022\/03\/0004.png\" data-title=\"0004\"><div class=\"bt_bb_grid_item_inner\" data-hw=\"0.66175115207373\" ><div class=\"bt_bb_grid_item_inner_image\"><\/div><div class=\"bt_bb_grid_item_inner_content\"><\/div><\/div><\/div><div class=\"bt_bb_grid_item bt_bb_tile_format11\" data-hw=\"0.66114180478821\" data-src=\"https:\/\/alfababymaster.com.br\/novo\/wp-content\/uploads\/2022\/03\/10.png\" data-src-full=\"https:\/\/alfababymaster.com.br\/novo\/wp-content\/uploads\/2022\/03\/10.png\" data-title=\"10\"><div class=\"bt_bb_grid_item_inner\" data-hw=\"0.66114180478821\" ><div class=\"bt_bb_grid_item_inner_image\"><\/div><div class=\"bt_bb_grid_item_inner_content\"><\/div><\/div><\/div><div class=\"bt_bb_grid_item bt_bb_tile_format11\" data-hw=\"0.66175115207373\" data-src=\"https:\/\/alfababymaster.com.br\/novo\/wp-content\/uploads\/2022\/03\/15.png\" data-src-full=\"https:\/\/alfababymaster.com.br\/novo\/wp-content\/uploads\/2022\/03\/15.png\" data-title=\"15\"><div class=\"bt_bb_grid_item_inner\" data-hw=\"0.66175115207373\" ><div class=\"bt_bb_grid_item_inner_image\"><\/div><div class=\"bt_bb_grid_item_inner_content\"><\/div><\/div><\/div><div class=\"bt_bb_grid_item bt_bb_tile_format11\" data-hw=\"0.66175115207373\" data-src=\"https:\/\/alfababymaster.com.br\/novo\/wp-content\/uploads\/2022\/03\/11-1.png\" data-src-full=\"https:\/\/alfababymaster.com.br\/novo\/wp-content\/uploads\/2022\/03\/11-1.png\" data-title=\"11\"><div class=\"bt_bb_grid_item_inner\" data-hw=\"0.66175115207373\" ><div class=\"bt_bb_grid_item_inner_image\"><\/div><div class=\"bt_bb_grid_item_inner_content\"><\/div><\/div><\/div><div class=\"bt_bb_grid_item bt_bb_tile_format11\" data-hw=\"0.66114180478821\" data-src=\"https:\/\/alfababymaster.com.br\/novo\/wp-content\/uploads\/2022\/03\/08.png\" data-src-full=\"https:\/\/alfababymaster.com.br\/novo\/wp-content\/uploads\/2022\/03\/08.png\" data-title=\"08\"><div class=\"bt_bb_grid_item_inner\" data-hw=\"0.66114180478821\" ><div class=\"bt_bb_grid_item_inner_image\"><\/div><div class=\"bt_bb_grid_item_inner_content\"><\/div><\/div><\/div><div class=\"bt_bb_grid_item bt_bb_tile_format11\" data-hw=\"0.66143911439114\" data-src=\"https:\/\/alfababymaster.com.br\/novo\/wp-content\/uploads\/2022\/03\/04.png\" data-src-full=\"https:\/\/alfababymaster.com.br\/novo\/wp-content\/uploads\/2022\/03\/04.png\" data-title=\"04\"><div class=\"bt_bb_grid_item_inner\" data-hw=\"0.66143911439114\" ><div class=\"bt_bb_grid_item_inner_image\"><\/div><div class=\"bt_bb_grid_item_inner_content\"><\/div><\/div><\/div><div class=\"bt_bb_grid_item bt_bb_tile_format11\" data-hw=\"0.66082949308756\" data-src=\"https:\/\/alfababymaster.com.br\/novo\/wp-content\/uploads\/2022\/03\/01.png\" data-src-full=\"https:\/\/alfababymaster.com.br\/novo\/wp-content\/uploads\/2022\/03\/01.png\" data-title=\"01\"><div class=\"bt_bb_grid_item_inner\" data-hw=\"0.66082949308756\" ><div class=\"bt_bb_grid_item_inner_image\"><\/div><div class=\"bt_bb_grid_item_inner_content\"><\/div><\/div><\/div><div class=\"bt_bb_grid_item bt_bb_tile_format11\" data-hw=\"0.66166666666667\" data-src=\"https:\/\/alfababymaster.com.br\/novo\/wp-content\/uploads\/2021\/09\/02-1280x847.png\" data-src-full=\"https:\/\/alfababymaster.com.br\/novo\/wp-content\/uploads\/2021\/09\/02.png\" data-title=\"02\"><div class=\"bt_bb_grid_item_inner\" data-hw=\"0.66166666666667\" ><div class=\"bt_bb_grid_item_inner_image\"><\/div><div class=\"bt_bb_grid_item_inner_content\"><\/div><\/div><\/div><div class=\"bt_bb_grid_item bt_bb_tile_format11\" data-hw=\"0.66175115207373\" data-src=\"https:\/\/alfababymaster.com.br\/novo\/wp-content\/uploads\/2022\/03\/0003.png\" data-src-full=\"https:\/\/alfababymaster.com.br\/novo\/wp-content\/uploads\/2022\/03\/0003.png\" data-title=\"0003\"><div class=\"bt_bb_grid_item_inner\" data-hw=\"0.66175115207373\" ><div class=\"bt_bb_grid_item_inner_image\"><\/div><div class=\"bt_bb_grid_item_inner_content\"><\/div><\/div><\/div><div class=\"bt_bb_grid_item bt_bb_tile_format11\" data-hw=\"0.66114180478821\" data-src=\"https:\/\/alfababymaster.com.br\/novo\/wp-content\/uploads\/2022\/03\/06-1.png\" data-src-full=\"https:\/\/alfababymaster.com.br\/novo\/wp-content\/uploads\/2022\/03\/06-1.png\" data-title=\"06\"><div class=\"bt_bb_grid_item_inner\" data-hw=\"0.66114180478821\" ><div class=\"bt_bb_grid_item_inner_image\"><\/div><div class=\"bt_bb_grid_item_inner_content\"><\/div><\/div><\/div><div class=\"bt_bb_grid_item bt_bb_tile_format11\" data-hw=\"0.66166666666667\" data-src=\"https:\/\/alfababymaster.com.br\/novo\/wp-content\/uploads\/2021\/09\/08-1280x847.png\" data-src-full=\"https:\/\/alfababymaster.com.br\/novo\/wp-content\/uploads\/2021\/09\/08.png\" data-title=\"08\"><div class=\"bt_bb_grid_item_inner\" data-hw=\"0.66166666666667\" ><div class=\"bt_bb_grid_item_inner_image\"><\/div><div class=\"bt_bb_grid_item_inner_content\"><\/div><\/div><\/div><div class=\"bt_bb_grid_item bt_bb_tile_format11\" data-hw=\"0.66166666666667\" data-src=\"https:\/\/alfababymaster.com.br\/novo\/wp-content\/uploads\/2021\/09\/05-1280x847.png\" data-src-full=\"https:\/\/alfababymaster.com.br\/novo\/wp-content\/uploads\/2021\/09\/05.png\" data-title=\"05\"><div class=\"bt_bb_grid_item_inner\" data-hw=\"0.66166666666667\" ><div class=\"bt_bb_grid_item_inner_image\"><\/div><div class=\"bt_bb_grid_item_inner_content\"><\/div><\/div><\/div><div class=\"bt_bb_grid_item bt_bb_tile_format11\" data-hw=\"0.66175115207373\" data-src=\"https:\/\/alfababymaster.com.br\/novo\/wp-content\/uploads\/2022\/03\/07-1.png\" data-src-full=\"https:\/\/alfababymaster.com.br\/novo\/wp-content\/uploads\/2022\/03\/07-1.png\" data-title=\"07\"><div class=\"bt_bb_grid_item_inner\" data-hw=\"0.66175115207373\" ><div class=\"bt_bb_grid_item_inner_image\"><\/div><div class=\"bt_bb_grid_item_inner_content\"><\/div><\/div><\/div><div class=\"bt_bb_grid_item bt_bb_tile_format11\" data-hw=\"0.66175115207373\" data-src=\"https:\/\/alfababymaster.com.br\/novo\/wp-content\/uploads\/2022\/03\/09.png\" data-src-full=\"https:\/\/alfababymaster.com.br\/novo\/wp-content\/uploads\/2022\/03\/09.png\" data-title=\"09\"><div class=\"bt_bb_grid_item_inner\" data-hw=\"0.66175115207373\" ><div class=\"bt_bb_grid_item_inner_image\"><\/div><div class=\"bt_bb_grid_item_inner_content\"><\/div><\/div><\/div><div class=\"bt_bb_grid_item bt_bb_tile_format11\" data-hw=\"0.66114180478821\" data-src=\"https:\/\/alfababymaster.com.br\/novo\/wp-content\/uploads\/2022\/03\/12-1.png\" data-src-full=\"https:\/\/alfababymaster.com.br\/novo\/wp-content\/uploads\/2022\/03\/12-1.png\" data-title=\"12\"><div class=\"bt_bb_grid_item_inner\" data-hw=\"0.66114180478821\" ><div class=\"bt_bb_grid_item_inner_image\"><\/div><div class=\"bt_bb_grid_item_inner_content\"><\/div><\/div><\/div><div class=\"bt_bb_grid_item bt_bb_tile_format11\" data-hw=\"0.66175115207373\" data-src=\"https:\/\/alfababymaster.com.br\/novo\/wp-content\/uploads\/2022\/03\/13.png\" data-src-full=\"https:\/\/alfababymaster.com.br\/novo\/wp-content\/uploads\/2022\/03\/13.png\" data-title=\"13\"><div class=\"bt_bb_grid_item_inner\" data-hw=\"0.66175115207373\" ><div class=\"bt_bb_grid_item_inner_image\"><\/div><div class=\"bt_bb_grid_item_inner_content\"><\/div><\/div><\/div><div class=\"bt_bb_grid_item bt_bb_tile_format11\" data-hw=\"0.66114180478821\" data-src=\"https:\/\/alfababymaster.com.br\/novo\/wp-content\/uploads\/2022\/03\/14.png\" data-src-full=\"https:\/\/alfababymaster.com.br\/novo\/wp-content\/uploads\/2022\/03\/14.png\" data-title=\"14\"><div class=\"bt_bb_grid_item_inner\" data-hw=\"0.66114180478821\" ><div class=\"bt_bb_grid_item_inner_image\"><\/div><div class=\"bt_bb_grid_item_inner_content\"><\/div><\/div><\/div><div class=\"bt_bb_grid_item bt_bb_tile_format11\" data-hw=\"0.66175115207373\" data-src=\"https:\/\/alfababymaster.com.br\/novo\/wp-content\/uploads\/2022\/03\/16.png\" data-src-full=\"https:\/\/alfababymaster.com.br\/novo\/wp-content\/uploads\/2022\/03\/16.png\" data-title=\"16\"><div class=\"bt_bb_grid_item_inner\" data-hw=\"0.66175115207373\" ><div class=\"bt_bb_grid_item_inner_image\"><\/div><div class=\"bt_bb_grid_item_inner_content\"><\/div><\/div><\/div><\/div><\/div><\/div><\/div><\/div><\/div><\/div><\/div><\/div><\/div><\/section><section id=\"bt_bb_section69f5927ec746c\"  class=\"bt_bb_section bt_bb_layout_boxed_1200\" ><div class=\"bt_bb_port\"><div class=\"bt_bb_cell\"><div class=\"bt_bb_cell_inner\"><div class=\"bt_bb_row \"  data-bt-override-class=\"{}\"><div class=\"bt_bb_row_holder\" ><div  class=\"bt_bb_column col-xxl-12 col-xl-12 col-xs-12 col-sm-12 col-md-12 col-lg-12 bt_bb_vertical_align_top bt_bb_align_left bt_bb_padding_normal bt_bb_shape_inherit\" style=\"; --column-width:12;\" data-width=\"12\" data-bt-override-class=\"{}\"><div class=\"bt_bb_column_content\"><div class=\"bt_bb_column_content_inner\"><\/div><\/div><\/div><\/div><\/div><\/div><\/div><\/div><\/section><\/p>\n","protected":false},"excerpt":{"rendered":"","protected":false},"author":1,"featured_media":0,"parent":0,"menu_order":0,"comment_status":"closed","ping_status":"closed","template":"","meta":{"_eb_attr":"","om_disable_all_campaigns":false,"ub_ctt_via":"","_exactmetrics_skip_tracking":false,"_exactmetrics_sitenote_active":false,"_exactmetrics_sitenote_note":"","_exactmetrics_sitenote_category":0,"_monsterinsights_skip_tracking":false,"_monsterinsights_sitenote_active":false,"_monsterinsights_sitenote_note":"","_monsterinsights_sitenote_category":0,"_uf_show_specific_survey":0,"_uf_disable_surveys":false},"aioseo_notices":[],"featured_image_src":null,"_links":{"self":[{"href":"https:\/\/alfababymaster.com.br\/novo\/wp-json\/wp\/v2\/pages\/881"}],"collection":[{"href":"https:\/\/alfababymaster.com.br\/novo\/wp-json\/wp\/v2\/pages"}],"about":[{"href":"https:\/\/alfababymaster.com.br\/novo\/wp-json\/wp\/v2\/types\/page"}],"author":[{"embeddable":true,"href":"https:\/\/alfababymaster.com.br\/novo\/wp-json\/wp\/v2\/users\/1"}],"replies":[{"embeddable":true,"href":"https:\/\/alfababymaster.com.br\/novo\/wp-json\/wp\/v2\/comments?post=881"}],"version-history":[{"count":86,"href":"https:\/\/alfababymaster.com.br\/novo\/wp-json\/wp\/v2\/pages\/881\/revisions"}],"predecessor-version":[{"id":1948,"href":"https:\/\/alfababymaster.com.br\/novo\/wp-json\/wp\/v2\/pages\/881\/revisions\/1948"}],"wp:attachment":[{"href":"https:\/\/alfababymaster.com.br\/novo\/wp-json\/wp\/v2\/media?parent=881"}],"curies":[{"name":"wp","href":"https:\/\/api.w.org\/{rel}","templated":true}]}}